{"id":1318,"date":"2025-11-08T15:28:46","date_gmt":"2025-11-08T15:28:46","guid":{"rendered":"https:\/\/sigmacrane.com\/about\/"},"modified":"2025-11-25T20:36:12","modified_gmt":"2025-11-25T20:36:12","slug":"about","status":"publish","type":"page","link":"https:\/\/sigmacrane.com\/sq\/about\/","title":{"rendered":"Reth Nesh"},"content":{"rendered":"<div data-elementor-type=\"wp-page\" data-elementor-id=\"1318\" class=\"elementor elementor-1318\" data-elementor-post-type=\"page\">\n\t\t\t\t<div class=\"elementor-element elementor-element-b485c57 e-con-full e-flex e-con e-parent\" data-id=\"b485c57\" data-element_type=\"container\" data-settings=\"{&quot;background_background&quot;:&quot;classic&quot;}\">\n\t\t<div class=\"elementor-element elementor-element-e6675ec e-flex e-con-boxed elementor-invisible e-con e-child\" data-id=\"e6675ec\" data-element_type=\"container\" data-settings=\"{&quot;background_background&quot;:&quot;classic&quot;,&quot;animation&quot;:&quot;slideInUp&quot;}\">\n\t\t\t\t\t<div class=\"e-con-inner\">\n\t\t\t\t\t<\/div>\n\t\t\t\t<\/div>\n\t\t<div class=\"elementor-element elementor-element-51204a6 e-flex e-con-boxed elementor-invisible e-con e-child\" data-id=\"51204a6\" data-element_type=\"container\" data-settings=\"{&quot;background_background&quot;:&quot;classic&quot;,&quot;animation&quot;:&quot;slideInUp&quot;}\">\n\t\t\t\t\t<div class=\"e-con-inner\">\n\t\t\t\t<div class=\"elementor-element elementor-element-582eb7b elementor-invisible elementor-widget elementor-widget-heading\" data-id=\"582eb7b\" data-element_type=\"widget\" data-settings=\"{&quot;_animation&quot;:&quot;slideInUp&quot;}\" data-widget_type=\"heading.default\">\n\t\t\t\t<div class=\"elementor-widget-container\">\n\t\t\t\t\t<h1 class=\"elementor-heading-title elementor-size-default\">Rreth Nesh<\/h1>\t\t\t\t<\/div>\n\t\t\t\t<\/div>\n\t\t\t\t\t<\/div>\n\t\t\t\t<\/div>\n\t\t\t\t<\/div>\n\t\t<div class=\"elementor-element elementor-element-22825f3 e-flex e-con-boxed elementor-invisible e-con e-parent\" data-id=\"22825f3\" data-element_type=\"container\" data-settings=\"{&quot;background_background&quot;:&quot;classic&quot;,&quot;animation&quot;:&quot;fadeIn&quot;}\">\n\t\t\t\t\t<div class=\"e-con-inner\">\n\t\t<div class=\"elementor-element elementor-element-96bd502 e-con-full e-flex e-con e-child\" data-id=\"96bd502\" data-element_type=\"container\">\n\t\t\t\t<div class=\"elementor-element elementor-element-a3059cc elementor-widget-tablet__width-inherit elementor-widget elementor-widget-heading\" data-id=\"a3059cc\" data-element_type=\"widget\" data-widget_type=\"heading.default\">\n\t\t\t\t<div class=\"elementor-widget-container\">\n\t\t\t\t\t<h2 class=\"elementor-heading-title elementor-size-default\">Trash\u00ebgimia Jon\u00eb<\/h2>\t\t\t\t<\/div>\n\t\t\t\t<\/div>\n\t\t\t\t<div class=\"elementor-element elementor-element-1707dfc elementor-widget elementor-widget-text-editor\" data-id=\"1707dfc\" data-element_type=\"widget\" data-widget_type=\"text-editor.default\">\n\t\t\t\t<div class=\"elementor-widget-container\">\n\t\t\t\t\t\t\t\t\t<p dir=\"auto\">E themeluar n\u00eb vitin 1985, Sigma filloi me infrastruktur\u00eb dhe transport, duke evoluar gjat\u00eb dekadave t\u00eb ndryshimit p\u00ebr t\u2019u b\u00ebr\u00eb nj\u00eb em\u00ebr i besuar n\u00eb sh\u00ebrbime t\u00eb specializuara.<\/p>\t\t\t\t\t\t\t\t<\/div>\n\t\t\t\t<\/div>\n\t\t\t\t<\/div>\n\t\t\t\t\t<\/div>\n\t\t\t\t<\/div>\n\t\t<div class=\"elementor-element elementor-element-cd8bad8 e-con-full e-flex e-con e-parent\" data-id=\"cd8bad8\" data-element_type=\"container\" data-settings=\"{&quot;background_background&quot;:&quot;classic&quot;}\">\n\t\t<div class=\"elementor-element elementor-element-308af36 e-con-full e-flex elementor-invisible e-con e-child\" data-id=\"308af36\" data-element_type=\"container\" data-settings=\"{&quot;background_background&quot;:&quot;classic&quot;,&quot;animation&quot;:&quot;fadeIn&quot;}\">\n\t\t\t\t<\/div>\n\t\t<div class=\"elementor-element elementor-element-2fbc23a e-con-full e-flex elementor-invisible e-con e-child\" data-id=\"2fbc23a\" data-element_type=\"container\" data-settings=\"{&quot;animation&quot;:&quot;fadeIn&quot;,&quot;background_background&quot;:&quot;classic&quot;}\">\n\t\t\t\t<div class=\"elementor-element elementor-element-5f3f8e8 elementor-widget-tablet__width-inherit elementor-widget elementor-widget-heading\" data-id=\"5f3f8e8\" data-element_type=\"widget\" data-widget_type=\"heading.default\">\n\t\t\t\t<div class=\"elementor-widget-container\">\n\t\t\t\t\t<h2 class=\"elementor-heading-title elementor-size-default\">Nga Vizioni n\u00eb Lidership<\/h2>\t\t\t\t<\/div>\n\t\t\t\t<\/div>\n\t\t\t\t<div class=\"elementor-element elementor-element-47506a6 elementor-widget elementor-widget-text-editor\" data-id=\"47506a6\" data-element_type=\"widget\" data-widget_type=\"text-editor.default\">\n\t\t\t\t<div class=\"elementor-widget-container\">\n\t\t\t\t\t\t\t\t\t<p dir=\"auto\">P\u00ebrmes tranzicioneve dhe rritjes, ne e zhvendos\u00ebm fokusin ton\u00eb drejt operimeve me vin\u00e7a dhe transportit special \u2014 duke nd\u00ebrtuar nj\u00eb themel p\u00ebr ekselenc\u00eb.<\/p>\t\t\t\t\t\t\t\t<\/div>\n\t\t\t\t<\/div>\n\t\t\t\t<\/div>\n\t\t\t\t<\/div>\n\t\t<div class=\"elementor-element elementor-element-f0c262b e-flex e-con-boxed elementor-invisible e-con e-parent\" data-id=\"f0c262b\" data-element_type=\"container\" data-settings=\"{&quot;background_background&quot;:&quot;classic&quot;,&quot;animation&quot;:&quot;fadeIn&quot;}\">\n\t\t\t\t\t<div class=\"e-con-inner\">\n\t\t<div class=\"elementor-element elementor-element-aa04404 e-con-full e-flex e-con e-child\" data-id=\"aa04404\" data-element_type=\"container\">\n\t\t\t\t<div class=\"elementor-element elementor-element-aed1bde elementor-widget-tablet__width-inherit elementor-widget elementor-widget-heading\" data-id=\"aed1bde\" data-element_type=\"widget\" data-widget_type=\"heading.default\">\n\t\t\t\t<div class=\"elementor-widget-container\">\n\t\t\t\t\t<h2 class=\"elementor-heading-title elementor-size-default\">\u00c7far\u00eb Na B\u00ebn t\u00eb Ve\u00e7ant\u00eb<\/h2>\t\t\t\t<\/div>\n\t\t\t\t<\/div>\n\t\t\t\t<div class=\"elementor-element elementor-element-2304ee4 elementor-widget elementor-widget-text-editor\" data-id=\"2304ee4\" data-element_type=\"widget\" data-widget_type=\"text-editor.default\">\n\t\t\t\t<div class=\"elementor-widget-container\">\n\t\t\t\t\t\t\t\t\t<p dir=\"auto\">Profesionaliz\u00ebm. Dor\u00ebzim n\u00eb koh\u00eb. Ekspertiz\u00eb e thell\u00eb. Sakt\u00ebsi e pakonkurueshme. K\u00ebto jan\u00eb vlerat q\u00eb drejtojn\u00eb \u00e7do projekt.<\/p>\t\t\t\t\t\t\t\t<\/div>\n\t\t\t\t<\/div>\n\t\t\t\t<\/div>\n\t\t\t\t\t<\/div>\n\t\t\t\t<\/div>\n\t\t<div class=\"elementor-element elementor-element-e82eb4b e-con-full e-flex e-con e-parent\" data-id=\"e82eb4b\" data-element_type=\"container\" data-settings=\"{&quot;background_background&quot;:&quot;classic&quot;}\">\n\t\t<div class=\"elementor-element elementor-element-540e64c e-con-full e-flex elementor-invisible e-con e-child\" data-id=\"540e64c\" data-element_type=\"container\" data-settings=\"{&quot;animation&quot;:&quot;fadeIn&quot;}\">\n\t\t\t\t<div class=\"elementor-element elementor-element-744dcdf elementor-widget-tablet__width-inherit elementor-widget elementor-widget-heading\" data-id=\"744dcdf\" data-element_type=\"widget\" data-widget_type=\"heading.default\">\n\t\t\t\t<div class=\"elementor-widget-container\">\n\t\t\t\t\t<h2 class=\"elementor-heading-title elementor-size-default\">Sukses i Provuar<\/h2>\t\t\t\t<\/div>\n\t\t\t\t<\/div>\n\t\t\t\t<div class=\"elementor-element elementor-element-427be6c elementor-widget elementor-widget-text-editor\" data-id=\"427be6c\" data-element_type=\"widget\" data-widget_type=\"text-editor.default\">\n\t\t\t\t<div class=\"elementor-widget-container\">\n\t\t\t\t\t\t\t\t\t<p dir=\"auto\">Nga projektet m\u00eb t\u00eb m\u00ebdha dhe m\u00eb komplekse deri te sfidat e p\u00ebrditshme \u2014 ne dor\u00ebzojm\u00eb rezultate q\u00eb flasin vet\u00eb.<\/p><p dir=\"auto\">\u00a0<\/p>\t\t\t\t\t\t\t\t<\/div>\n\t\t\t\t<\/div>\n\t\t\t\t<\/div>\n\t\t<div class=\"elementor-element elementor-element-dcb9a98 e-con-full e-flex elementor-invisible e-con e-child\" data-id=\"dcb9a98\" data-element_type=\"container\" data-settings=\"{&quot;background_background&quot;:&quot;classic&quot;,&quot;animation&quot;:&quot;fadeIn&quot;}\">\n\t\t\t\t<\/div>\n\t\t\t\t<\/div>\n\t\t<div class=\"elementor-element elementor-element-7f01baa e-flex e-con-boxed elementor-invisible e-con e-parent\" data-id=\"7f01baa\" data-element_type=\"container\" data-settings=\"{&quot;background_background&quot;:&quot;classic&quot;,&quot;animation&quot;:&quot;fadeIn&quot;}\">\n\t\t\t\t\t<div class=\"e-con-inner\">\n\t\t<div class=\"elementor-element elementor-element-d39f53c e-con-full e-flex e-con e-child\" data-id=\"d39f53c\" data-element_type=\"container\">\n\t\t\t\t<div class=\"elementor-element elementor-element-06bbd75 elementor-widget-tablet__width-inherit elementor-widget elementor-widget-heading\" data-id=\"06bbd75\" data-element_type=\"widget\" data-widget_type=\"heading.default\">\n\t\t\t\t<div class=\"elementor-widget-container\">\n\t\t\t\t\t<h2 class=\"elementor-heading-title elementor-size-default\">Lider i Tregut Sot<\/h2>\t\t\t\t<\/div>\n\t\t\t\t<\/div>\n\t\t\t\t<div class=\"elementor-element elementor-element-dba1dc1 elementor-widget elementor-widget-text-editor\" data-id=\"dba1dc1\" data-element_type=\"widget\" data-widget_type=\"text-editor.default\">\n\t\t\t\t<div class=\"elementor-widget-container\">\n\t\t\t\t\t\t\t\t\t<div><div><p dir=\"auto\">Krenarisht lider n\u00eb Ngritje t\u00eb R\u00ebnda, Transport Special dhe Sh\u00ebrbime t\u00eb Specializuara t\u00eb Personalizuara n\u00eb t\u00eb gjith\u00eb rajonin.<\/p><div>\u00a0<\/div><\/div><section><\/section><section><\/section><\/div>\t\t\t\t\t\t\t\t<\/div>\n\t\t\t\t<\/div>\n\t\t\t\t<\/div>\n\t\t\t\t\t<\/div>\n\t\t\t\t<\/div>\n\t\t\t\t<\/div>","protected":false},"excerpt":{"rendered":"<p>About Us Our Legacy Founded in 1985, Sigma began with infrastructure and transport, evolving through decades of change to become a trusted name in specialized services. From Vision to Leadership Through transitions and growth, we shifted our focus to crane operations and special transport \u2014 building a foundation for excellence. What Sets Us Apart Professionalism. [&hellip;]<\/p>","protected":false},"author":1,"featured_media":0,"parent":0,"menu_order":0,"comment_status":"closed","ping_status":"closed","template":"","meta":{"site-sidebar-layout":"no-sidebar","site-content-layout":"page-builder","ast-site-content-layout":"default","site-content-style":"default","site-sidebar-style":"default","ast-global-header-display":"","ast-banner-title-visibility":"","ast-main-header-display":"","ast-hfb-above-header-display":"","ast-hfb-below-header-display":"","ast-hfb-mobile-header-display":"","site-post-title":"disabled","ast-breadcrumbs-content":"","ast-featured-img":"disabled","footer-sml-layout":"","theme-transparent-header-meta":"enabled","adv-header-id-meta":"","stick-header-meta":"","header-above-stick-meta":"","header-main-stick-meta":"","header-below-stick-meta":"","astra-migrate-meta-layouts":"default","ast-page-background-enabled":"default","ast-page-background-meta":{"desktop":{"background-color":"var(--ast-global-color-4)","background-image":"","background-repeat":"repeat","background-position":"center center","background-size":"auto","background-attachment":"scroll","background-type":"","background-media":"","overlay-type":"","overlay-color":"","overlay-opacity":"","overlay-gradient":""},"tablet":{"background-color":"","background-image":"","background-repeat":"repeat","background-position":"center center","background-size":"auto","background-attachment":"scroll","background-type":"","background-media":"","overlay-type":"","overlay-color":"","overlay-opacity":"","overlay-gradient":""},"mobile":{"background-color":"","background-image":"","background-repeat":"repeat","background-position":"center center","background-size":"auto","background-attachment":"scroll","background-type":"","background-media":"","overlay-type":"","overlay-color":"","overlay-opacity":"","overlay-gradient":""}},"ast-content-background-meta":{"desktop":{"background-color":"var(--ast-global-color-5)","background-image":"","background-repeat":"repeat","background-position":"center center","background-size":"auto","background-attachment":"scroll","background-type":"","background-media":"","overlay-type":"","overlay-color":"","overlay-opacity":"","overlay-gradient":""},"tablet":{"background-color":"var(--ast-global-color-5)","background-image":"","background-repeat":"repeat","background-position":"center center","background-size":"auto","background-attachment":"scroll","background-type":"","background-media":"","overlay-type":"","overlay-color":"","overlay-opacity":"","overlay-gradient":""},"mobile":{"background-color":"var(--ast-global-color-5)","background-image":"","background-repeat":"repeat","background-position":"center center","background-size":"auto","background-attachment":"scroll","background-type":"","background-media":"","overlay-type":"","overlay-color":"","overlay-opacity":"","overlay-gradient":""}},"footnotes":""},"class_list":["post-1318","page","type-page","status-publish","hentry"],"_links":{"self":[{"href":"https:\/\/sigmacrane.com\/sq\/wp-json\/wp\/v2\/pages\/1318","targetHints":{"allow":["GET"]}}],"collection":[{"href":"https:\/\/sigmacrane.com\/sq\/wp-json\/wp\/v2\/pages"}],"about":[{"href":"https:\/\/sigmacrane.com\/sq\/wp-json\/wp\/v2\/types\/page"}],"author":[{"embeddable":true,"href":"https:\/\/sigmacrane.com\/sq\/wp-json\/wp\/v2\/users\/1"}],"replies":[{"embeddable":true,"href":"https:\/\/sigmacrane.com\/sq\/wp-json\/wp\/v2\/comments?post=1318"}],"version-history":[{"count":75,"href":"https:\/\/sigmacrane.com\/sq\/wp-json\/wp\/v2\/pages\/1318\/revisions"}],"predecessor-version":[{"id":4861,"href":"https:\/\/sigmacrane.com\/sq\/wp-json\/wp\/v2\/pages\/1318\/revisions\/4861"}],"wp:attachment":[{"href":"https:\/\/sigmacrane.com\/sq\/wp-json\/wp\/v2\/media?parent=1318"}],"curies":[{"name":"wp","href":"https:\/\/api.w.org\/{rel}","templated":true}]}}