{"id":1317,"date":"2025-11-08T15:28:46","date_gmt":"2025-11-08T15:28:46","guid":{"rendered":"https:\/\/sigmacrane.com\/home\/"},"modified":"2025-11-25T21:13:25","modified_gmt":"2025-11-25T21:13:25","slug":"home","status":"publish","type":"page","link":"https:\/\/sigmacrane.com\/sq\/","title":{"rendered":"Ballina"},"content":{"rendered":"<div data-elementor-type=\"wp-page\" data-elementor-id=\"1317\" class=\"elementor elementor-1317\" data-elementor-post-type=\"page\">\n\t\t\t\t<div class=\"elementor-element elementor-element-f2de30c e-con-full e-flex e-con e-parent\" data-id=\"f2de30c\" data-element_type=\"container\" data-settings=\"{&quot;background_background&quot;:&quot;classic&quot;}\">\n\t\t<div class=\"elementor-element elementor-element-2af4d38 e-con-full e-flex e-con e-child\" data-id=\"2af4d38\" data-element_type=\"container\">\n\t\t\t\t<div class=\"elementor-element elementor-element-58b5bba elementor-widget elementor-widget-text-editor\" data-id=\"58b5bba\" data-element_type=\"widget\" data-widget_type=\"text-editor.default\">\n\t\t\t\t<div class=\"elementor-widget-container\">\n\t\t\t\t\t\t\t\t\t<p>Ngritja e r\u00ebnd\u00eb b\u00ebhet e thjesht\u00eb<\/p>\t\t\t\t\t\t\t\t<\/div>\n\t\t\t\t<\/div>\n\t\t\t\t<div class=\"elementor-element elementor-element-8cb9cda elementor-widget elementor-widget-heading\" data-id=\"8cb9cda\" data-element_type=\"widget\" data-widget_type=\"heading.default\">\n\t\t\t\t<div class=\"elementor-widget-container\">\n\t\t\t\t\t<h2 class=\"elementor-heading-title elementor-size-default\">Zgjidhje Profesionale p\u00ebr \u00c7do Projekt<\/h2>\t\t\t\t<\/div>\n\t\t\t\t<\/div>\n\t\t\t\t<div class=\"elementor-element elementor-element-c8e82a9 elementor-align-center elementor-widget elementor-widget-button\" data-id=\"c8e82a9\" data-element_type=\"widget\" data-widget_type=\"button.default\">\n\t\t\t\t<div class=\"elementor-widget-container\">\n\t\t\t\t\t\t\t\t\t<div class=\"elementor-button-wrapper\">\n\t\t\t\t\t<a class=\"elementor-button elementor-button-link elementor-size-sm\" href=\"#\">\n\t\t\t\t\t\t<span class=\"elementor-button-content-wrapper\">\n\t\t\t\t\t\t<span class=\"elementor-button-icon\">\n\t\t\t\t<svg xmlns=\"http:\/\/www.w3.org\/2000\/svg\" width=\"247px\" height=\"247px\" viewbox=\"-2.4 -2.4 28.80 28.80\" fill=\"none\" stroke=\"#000000\"><g id=\"SVGRepo_bgCarrier\" stroke-width=\"0\"><\/g><g id=\"SVGRepo_tracerCarrier\" stroke-linecap=\"round\" stroke-linejoin=\"round\" stroke=\"#CCCCCC\" stroke-width=\"0.144\"><\/g><g id=\"SVGRepo_iconCarrier\"><path d=\"M7 17L17 7M17 7H8M17 7V16\" stroke=\"#ffffff\" stroke-width=\"2\" stroke-linecap=\"round\" stroke-linejoin=\"round\"><\/path><\/g><\/svg>\t\t\t<\/span>\n\t\t\t\t\t\t\t\t\t<span class=\"elementor-button-text\">Shiko Projektet<\/span>\n\t\t\t\t\t<\/span>\n\t\t\t\t\t<\/a>\n\t\t\t\t<\/div>\n\t\t\t\t\t\t\t\t<\/div>\n\t\t\t\t<\/div>\n\t\t\t\t<\/div>\n\t\t<div class=\"elementor-element elementor-element-9c20de8 e-flex e-con-boxed e-con e-child\" data-id=\"9c20de8\" data-element_type=\"container\" data-settings=\"{&quot;background_background&quot;:&quot;video&quot;,&quot;background_video_link&quot;:&quot;https:\\\/\\\/youtu.be\\\/FCh5Nfm9Uj0&quot;,&quot;background_play_on_mobile&quot;:&quot;yes&quot;,&quot;background_privacy_mode&quot;:&quot;yes&quot;}\">\n\t\t\t\t\t<div class=\"e-con-inner\">\n\t\t<div class=\"elementor-background-video-container\" aria-hidden=\"true\">\n\t\t\t\t\t\t\t<div class=\"elementor-background-video-embed\"><\/div>\n\t\t\t\t\t\t<\/div>\t\t\t<\/div>\n\t\t\t\t<\/div>\n\t\t\t\t<\/div>\n\t\t<div class=\"elementor-element elementor-element-73086b9 e-flex e-con-boxed e-con e-parent\" data-id=\"73086b9\" data-element_type=\"container\" data-settings=\"{&quot;background_background&quot;:&quot;classic&quot;}\">\n\t\t\t\t\t<div class=\"e-con-inner\">\n\t\t\t\t<div class=\"elementor-element elementor-element-85f6c39 elementor-widget elementor-widget-heading\" data-id=\"85f6c39\" data-element_type=\"widget\" data-widget_type=\"heading.default\">\n\t\t\t\t<div class=\"elementor-widget-container\">\n\t\t\t\t\t<h2 class=\"elementor-heading-title elementor-size-default\">Sh\u00ebrbimet<\/h2>\t\t\t\t<\/div>\n\t\t\t\t<\/div>\n\t\t\t\t\t<\/div>\n\t\t\t\t<\/div>\n\t\t<div class=\"elementor-element elementor-element-328d23e e-grid e-con-full e-con e-parent\" data-id=\"328d23e\" data-element_type=\"container\">\n\t\t<div class=\"elementor-element elementor-element-5ab6dfe e-con-full e-transform e-flex e-con e-child\" data-id=\"5ab6dfe\" data-element_type=\"container\" data-settings=\"{&quot;_transform_translateY_effect_hover&quot;:{&quot;unit&quot;:&quot;px&quot;,&quot;size&quot;:-10,&quot;sizes&quot;:[]},&quot;_transform_translateX_effect_hover&quot;:{&quot;unit&quot;:&quot;px&quot;,&quot;size&quot;:&quot;&quot;,&quot;sizes&quot;:[]},&quot;_transform_translateX_effect_hover_tablet&quot;:{&quot;unit&quot;:&quot;px&quot;,&quot;size&quot;:&quot;&quot;,&quot;sizes&quot;:[]},&quot;_transform_translateX_effect_hover_mobile&quot;:{&quot;unit&quot;:&quot;px&quot;,&quot;size&quot;:&quot;&quot;,&quot;sizes&quot;:[]},&quot;_transform_translateY_effect_hover_tablet&quot;:{&quot;unit&quot;:&quot;px&quot;,&quot;size&quot;:&quot;&quot;,&quot;sizes&quot;:[]},&quot;_transform_translateY_effect_hover_mobile&quot;:{&quot;unit&quot;:&quot;px&quot;,&quot;size&quot;:&quot;&quot;,&quot;sizes&quot;:[]}}\">\n\t\t\t\t<div class=\"elementor-element elementor-element-a8c8766 elementor-widget elementor-widget-image\" data-id=\"a8c8766\" data-element_type=\"widget\" data-widget_type=\"image.default\">\n\t\t\t\t<div class=\"elementor-widget-container\">\n\t\t\t\t\t\t\t\t\t\t\t\t\t\t\t<img fetchpriority=\"high\" decoding=\"async\" width=\"1024\" height=\"768\" src=\"https:\/\/sigmacrane.com\/wp-content\/uploads\/2025\/11\/556981250_1350793783719427_5988883006454596381_n-1024x768.jpg\" class=\"attachment-large size-large wp-image-4354\" alt=\"556981250 1350793783719427 5988883006454596381 n\" srcset=\"https:\/\/sigmacrane.com\/wp-content\/uploads\/2025\/11\/556981250_1350793783719427_5988883006454596381_n-1024x768.jpg 1024w, https:\/\/sigmacrane.com\/wp-content\/uploads\/2025\/11\/556981250_1350793783719427_5988883006454596381_n-300x225.jpg 300w, https:\/\/sigmacrane.com\/wp-content\/uploads\/2025\/11\/556981250_1350793783719427_5988883006454596381_n-768x576.jpg 768w, https:\/\/sigmacrane.com\/wp-content\/uploads\/2025\/11\/556981250_1350793783719427_5988883006454596381_n-1536x1152.jpg 1536w, https:\/\/sigmacrane.com\/wp-content\/uploads\/2025\/11\/556981250_1350793783719427_5988883006454596381_n.jpg 2048w\" sizes=\"(max-width: 1024px) 100vw, 1024px\" title=\"Ballina\">\t\t\t\t\t\t\t\t\t\t\t\t\t\t\t<\/div>\n\t\t\t\t<\/div>\n\t\t\t\t<div class=\"elementor-element elementor-element-6d9bd10 elementor-widget elementor-widget-heading\" data-id=\"6d9bd10\" data-element_type=\"widget\" data-widget_type=\"heading.default\">\n\t\t\t\t<div class=\"elementor-widget-container\">\n\t\t\t\t\t<h2 class=\"elementor-heading-title elementor-size-default\">Sh\u00ebrbime Transporti<\/h2>\t\t\t\t<\/div>\n\t\t\t\t<\/div>\n\t\t\t\t<div class=\"elementor-element elementor-element-601bee1 elementor-widget elementor-widget-text-editor\" data-id=\"601bee1\" data-element_type=\"widget\" data-widget_type=\"text-editor.default\">\n\t\t\t\t<div class=\"elementor-widget-container\">\n\t\t\t\t\t\t\t\t\t<p>Logjistik\u00eb ekspert\u00ebsh p\u00ebr ngarkesa jo-standard, p\u00ebrfshir\u00eb planifikimin e rrug\u00ebve dhe lejet.<\/p>\t\t\t\t\t\t\t\t<\/div>\n\t\t\t\t<\/div>\n\t\t\t\t<\/div>\n\t\t<div class=\"elementor-element elementor-element-ec60500 e-con-full e-transform e-flex e-con e-child\" data-id=\"ec60500\" data-element_type=\"container\" data-settings=\"{&quot;_transform_translateX_effect_hover&quot;:{&quot;unit&quot;:&quot;px&quot;,&quot;size&quot;:0,&quot;sizes&quot;:[]},&quot;_transform_translateY_effect_hover&quot;:{&quot;unit&quot;:&quot;px&quot;,&quot;size&quot;:-10,&quot;sizes&quot;:[]},&quot;_transform_translateX_effect_hover_tablet&quot;:{&quot;unit&quot;:&quot;px&quot;,&quot;size&quot;:&quot;&quot;,&quot;sizes&quot;:[]},&quot;_transform_translateX_effect_hover_mobile&quot;:{&quot;unit&quot;:&quot;px&quot;,&quot;size&quot;:&quot;&quot;,&quot;sizes&quot;:[]},&quot;_transform_translateY_effect_hover_tablet&quot;:{&quot;unit&quot;:&quot;px&quot;,&quot;size&quot;:&quot;&quot;,&quot;sizes&quot;:[]},&quot;_transform_translateY_effect_hover_mobile&quot;:{&quot;unit&quot;:&quot;px&quot;,&quot;size&quot;:&quot;&quot;,&quot;sizes&quot;:[]}}\">\n\t\t\t\t<div class=\"elementor-element elementor-element-2eacd7e elementor-widget elementor-widget-image\" data-id=\"2eacd7e\" data-element_type=\"widget\" data-widget_type=\"image.default\">\n\t\t\t\t<div class=\"elementor-widget-container\">\n\t\t\t\t\t\t\t\t\t\t\t\t\t\t\t<img decoding=\"async\" width=\"1024\" height=\"768\" src=\"https:\/\/sigmacrane.com\/wp-content\/uploads\/2025\/11\/487847744_1196022742529866_2124408076773720845_n-1024x768.jpg\" class=\"attachment-large size-large wp-image-4539\" alt=\"487847744 1196022742529866 2124408076773720845 n\" srcset=\"https:\/\/sigmacrane.com\/wp-content\/uploads\/2025\/11\/487847744_1196022742529866_2124408076773720845_n-1024x768.jpg 1024w, https:\/\/sigmacrane.com\/wp-content\/uploads\/2025\/11\/487847744_1196022742529866_2124408076773720845_n-300x225.jpg 300w, https:\/\/sigmacrane.com\/wp-content\/uploads\/2025\/11\/487847744_1196022742529866_2124408076773720845_n-768x576.jpg 768w, https:\/\/sigmacrane.com\/wp-content\/uploads\/2025\/11\/487847744_1196022742529866_2124408076773720845_n-1536x1152.jpg 1536w, https:\/\/sigmacrane.com\/wp-content\/uploads\/2025\/11\/487847744_1196022742529866_2124408076773720845_n.jpg 2048w\" sizes=\"(max-width: 1024px) 100vw, 1024px\" title=\"Ballina\">\t\t\t\t\t\t\t\t\t\t\t\t\t\t\t<\/div>\n\t\t\t\t<\/div>\n\t\t\t\t<div class=\"elementor-element elementor-element-e4f3784 elementor-widget elementor-widget-heading\" data-id=\"e4f3784\" data-element_type=\"widget\" data-widget_type=\"heading.default\">\n\t\t\t\t<div class=\"elementor-widget-container\">\n\t\t\t\t\t<h2 class=\"elementor-heading-title elementor-size-default\">Sh\u00ebrbime Vin\u00e7i<\/h2>\t\t\t\t<\/div>\n\t\t\t\t<\/div>\n\t\t\t\t<div class=\"elementor-element elementor-element-4391ff1 elementor-widget elementor-widget-text-editor\" data-id=\"4391ff1\" data-element_type=\"widget\" data-widget_type=\"text-editor.default\">\n\t\t\t\t<div class=\"elementor-widget-container\">\n\t\t\t\t\t\t\t\t\t<p>Vin\u00e7a Mobil (10T\u2013250T): Ideale p\u00ebr kantieret dinamike q\u00eb k\u00ebrkojn\u00eb montim t\u00eb shpejt\u00eb dhe l\u00ebvizshm\u00ebri<\/p>\t\t\t\t\t\t\t\t<\/div>\n\t\t\t\t<\/div>\n\t\t\t\t<\/div>\n\t\t<div class=\"elementor-element elementor-element-288e6f9 e-con-full e-transform e-flex e-con e-child\" data-id=\"288e6f9\" data-element_type=\"container\" data-settings=\"{&quot;_transform_translateY_effect_hover&quot;:{&quot;unit&quot;:&quot;px&quot;,&quot;size&quot;:-10,&quot;sizes&quot;:[]},&quot;_transform_translateX_effect_hover&quot;:{&quot;unit&quot;:&quot;px&quot;,&quot;size&quot;:&quot;&quot;,&quot;sizes&quot;:[]},&quot;_transform_translateX_effect_hover_tablet&quot;:{&quot;unit&quot;:&quot;px&quot;,&quot;size&quot;:&quot;&quot;,&quot;sizes&quot;:[]},&quot;_transform_translateX_effect_hover_mobile&quot;:{&quot;unit&quot;:&quot;px&quot;,&quot;size&quot;:&quot;&quot;,&quot;sizes&quot;:[]},&quot;_transform_translateY_effect_hover_tablet&quot;:{&quot;unit&quot;:&quot;px&quot;,&quot;size&quot;:&quot;&quot;,&quot;sizes&quot;:[]},&quot;_transform_translateY_effect_hover_mobile&quot;:{&quot;unit&quot;:&quot;px&quot;,&quot;size&quot;:&quot;&quot;,&quot;sizes&quot;:[]}}\">\n\t\t\t\t<div class=\"elementor-element elementor-element-803b583 elementor-widget elementor-widget-image\" data-id=\"803b583\" data-element_type=\"widget\" data-widget_type=\"image.default\">\n\t\t\t\t<div class=\"elementor-widget-container\">\n\t\t\t\t\t\t\t\t\t\t\t\t\t\t\t<img decoding=\"async\" width=\"1024\" height=\"754\" src=\"https:\/\/sigmacrane.com\/wp-content\/uploads\/2025\/11\/490693038_1204467331685407_7611024477312845447_n-1-1024x754.jpg\" class=\"attachment-large size-large wp-image-4540\" alt=\"490693038 1204467331685407 7611024477312845447 n (1)\" srcset=\"https:\/\/sigmacrane.com\/wp-content\/uploads\/2025\/11\/490693038_1204467331685407_7611024477312845447_n-1-1024x754.jpg 1024w, https:\/\/sigmacrane.com\/wp-content\/uploads\/2025\/11\/490693038_1204467331685407_7611024477312845447_n-1-300x221.jpg 300w, https:\/\/sigmacrane.com\/wp-content\/uploads\/2025\/11\/490693038_1204467331685407_7611024477312845447_n-1-768x566.jpg 768w, https:\/\/sigmacrane.com\/wp-content\/uploads\/2025\/11\/490693038_1204467331685407_7611024477312845447_n-1.jpg 1284w\" sizes=\"(max-width: 1024px) 100vw, 1024px\" title=\"Ballina\">\t\t\t\t\t\t\t\t\t\t\t\t\t\t\t<\/div>\n\t\t\t\t<\/div>\n\t\t\t\t<div class=\"elementor-element elementor-element-5215890 elementor-widget elementor-widget-heading\" data-id=\"5215890\" data-element_type=\"widget\" data-widget_type=\"heading.default\">\n\t\t\t\t<div class=\"elementor-widget-container\">\n\t\t\t\t\t<h2 class=\"elementor-heading-title elementor-size-default\">Platforma Ngrit\u00ebse<\/h2>\t\t\t\t<\/div>\n\t\t\t\t<\/div>\n\t\t\t\t<div class=\"elementor-element elementor-element-a4e6df1 elementor-widget elementor-widget-text-editor\" data-id=\"a4e6df1\" data-element_type=\"widget\" data-widget_type=\"text-editor.default\">\n\t\t\t\t<div class=\"elementor-widget-container\">\n\t\t\t\t\t\t\t\t\t<p>P\u00ebr qasje n\u00eb lart\u00ebsi n\u00eb nd\u00ebrtim, mir\u00ebmbajtje dhe logjistik\u00eb.<\/p>\t\t\t\t\t\t\t\t<\/div>\n\t\t\t\t<\/div>\n\t\t\t\t<\/div>\n\t\t\t\t<\/div>\n\t\t<div class=\"elementor-element elementor-element-48ad4b8 e-flex e-con-boxed e-con e-parent\" data-id=\"48ad4b8\" data-element_type=\"container\" data-settings=\"{&quot;background_background&quot;:&quot;classic&quot;}\">\n\t\t\t\t\t<div class=\"e-con-inner\">\n\t\t<div class=\"elementor-element elementor-element-a121e83 e-con-full e-flex e-con e-child\" data-id=\"a121e83\" data-element_type=\"container\">\n\t\t\t\t<div class=\"elementor-element elementor-element-d9e2911 elementor-invisible elementor-widget elementor-widget-text-editor\" data-id=\"d9e2911\" data-element_type=\"widget\" data-settings=\"{&quot;_animation&quot;:&quot;fadeInUp&quot;}\" data-widget_type=\"text-editor.default\">\n\t\t\t\t<div class=\"elementor-widget-container\">\n\t\t\t\t\t\t\t\t\t<p class=\"text-gray-300 mb-8 text-lg\">Pse t\u00eb na zgjidhni ne?<\/p>\t\t\t\t\t\t\t\t<\/div>\n\t\t\t\t<\/div>\n\t\t\t\t<div class=\"elementor-element elementor-element-4d397d4 elementor-invisible elementor-widget elementor-widget-heading\" data-id=\"4d397d4\" data-element_type=\"widget\" data-settings=\"{&quot;_animation&quot;:&quot;fadeInUp&quot;}\" data-widget_type=\"heading.default\">\n\t\t\t\t<div class=\"elementor-widget-container\">\n\t\t\t\t\t<h2 class=\"elementor-heading-title elementor-size-default\">Projektuar p\u00ebr Siguri.\nNd\u00ebrtuar p\u00ebr Performanc\u00eb.<\/h2>\t\t\t\t<\/div>\n\t\t\t\t<\/div>\n\t\t\t\t<div class=\"elementor-element elementor-element-bedd02a elementor-invisible elementor-widget elementor-widget-text-editor\" data-id=\"bedd02a\" data-element_type=\"widget\" data-settings=\"{&quot;_animation&quot;:&quot;fadeInUp&quot;}\" data-widget_type=\"text-editor.default\">\n\t\t\t\t<div class=\"elementor-widget-container\">\n\t\t\t\t\t\t\t\t\t<p class=\"text-gray-300 mb-8 text-lg\">Ne nuk japim vet\u00ebm pajisje me qira; ne ofrojm\u00eb zgjidhje ngrit\u00ebse t\u00eb projektuara me inxhinieri. Ekipi yn\u00eb i operator\u00ebve dhe montuesve t\u00eb \u00e7ertifikuar siguron q\u00eb \u00e7do ngritje t\u00eb jet\u00eb e llogaritur, e planifikuar dhe e ekzekutuar n\u00eb p\u00ebrsosm\u00ebri.<\/p><p>\u00a0<\/p>\t\t\t\t\t\t\t\t<\/div>\n\t\t\t\t<\/div>\n\t\t\t\t<\/div>\n\t\t<div class=\"elementor-element elementor-element-c66a14f e-con-full e-flex elementor-invisible e-con e-child\" data-id=\"c66a14f\" data-element_type=\"container\" data-settings=\"{&quot;animation&quot;:&quot;fadeInUp&quot;}\">\n\t\t\t\t<div class=\"elementor-element elementor-element-b7029ee elementor-widget elementor-widget-image\" data-id=\"b7029ee\" data-element_type=\"widget\" data-widget_type=\"image.default\">\n\t\t\t\t<div class=\"elementor-widget-container\">\n\t\t\t\t\t\t\t\t\t\t\t\t\t\t\t<img loading=\"lazy\" decoding=\"async\" width=\"1024\" height=\"768\" src=\"https:\/\/sigmacrane.com\/wp-content\/uploads\/2025\/11\/500411894_1241050728027067_20371097234373440_n-1024x768.jpg\" class=\"attachment-large size-large wp-image-4833\" alt=\"500411894 1241050728027067 20371097234373440 n\" srcset=\"https:\/\/sigmacrane.com\/wp-content\/uploads\/2025\/11\/500411894_1241050728027067_20371097234373440_n-1024x768.jpg 1024w, https:\/\/sigmacrane.com\/wp-content\/uploads\/2025\/11\/500411894_1241050728027067_20371097234373440_n-300x225.jpg 300w, https:\/\/sigmacrane.com\/wp-content\/uploads\/2025\/11\/500411894_1241050728027067_20371097234373440_n-768x576.jpg 768w, https:\/\/sigmacrane.com\/wp-content\/uploads\/2025\/11\/500411894_1241050728027067_20371097234373440_n-1536x1152.jpg 1536w, https:\/\/sigmacrane.com\/wp-content\/uploads\/2025\/11\/500411894_1241050728027067_20371097234373440_n.jpg 2048w\" sizes=\"(max-width: 1024px) 100vw, 1024px\" title=\"Ballina\">\t\t\t\t\t\t\t\t\t\t\t\t\t\t\t<\/div>\n\t\t\t\t<\/div>\n\t\t\t\t<\/div>\n\t\t\t\t\t<\/div>\n\t\t\t\t<\/div>\n\t\t<div class=\"elementor-element elementor-element-9205519 e-flex e-con-boxed e-con e-parent\" data-id=\"9205519\" data-element_type=\"container\">\n\t\t\t\t\t<div class=\"e-con-inner\">\n\t\t<div class=\"elementor-element elementor-element-0ce5a82 e-con-full e-flex elementor-invisible e-con e-child\" data-id=\"0ce5a82\" data-element_type=\"container\" data-settings=\"{&quot;animation&quot;:&quot;fadeInUp&quot;}\">\n\t\t\t\t<div class=\"elementor-element elementor-element-d16cd8a elementor-widget elementor-widget-image\" data-id=\"d16cd8a\" data-element_type=\"widget\" data-widget_type=\"image.default\">\n\t\t\t\t<div class=\"elementor-widget-container\">\n\t\t\t\t\t\t\t\t\t\t\t\t\t\t\t<img loading=\"lazy\" decoding=\"async\" width=\"1024\" height=\"758\" src=\"https:\/\/sigmacrane.com\/wp-content\/uploads\/2025\/11\/489956453_1204720894993384_1713139068555875039_n-1-1024x758.jpg\" class=\"attachment-large size-large wp-image-4654\" alt=\"489956453 1204720894993384 1713139068555875039 n (1)\" srcset=\"https:\/\/sigmacrane.com\/wp-content\/uploads\/2025\/11\/489956453_1204720894993384_1713139068555875039_n-1-1024x758.jpg 1024w, https:\/\/sigmacrane.com\/wp-content\/uploads\/2025\/11\/489956453_1204720894993384_1713139068555875039_n-1-300x222.jpg 300w, https:\/\/sigmacrane.com\/wp-content\/uploads\/2025\/11\/489956453_1204720894993384_1713139068555875039_n-1-768x569.jpg 768w, https:\/\/sigmacrane.com\/wp-content\/uploads\/2025\/11\/489956453_1204720894993384_1713139068555875039_n-1.jpg 1284w\" sizes=\"(max-width: 1024px) 100vw, 1024px\" title=\"Ballina\">\t\t\t\t\t\t\t\t\t\t\t\t\t\t\t<\/div>\n\t\t\t\t<\/div>\n\t\t\t\t<\/div>\n\t\t<div class=\"elementor-element elementor-element-897359e e-con-full e-flex e-con e-child\" data-id=\"897359e\" data-element_type=\"container\">\n\t\t\t\t<div class=\"elementor-element elementor-element-f7a7719 elementor-invisible elementor-widget elementor-widget-heading\" data-id=\"f7a7719\" data-element_type=\"widget\" data-settings=\"{&quot;_animation&quot;:&quot;fadeInUp&quot;}\" data-widget_type=\"heading.default\">\n\t\t\t\t<div class=\"elementor-widget-container\">\n\t\t\t\t\t<h2 class=\"elementor-heading-title elementor-size-default\">Gati p\u00ebr t\u00eb Ngritur Projektin Tuaj?<\/h2>\t\t\t\t<\/div>\n\t\t\t\t<\/div>\n\t\t\t\t<div class=\"elementor-element elementor-element-42741a4 elementor-invisible elementor-widget elementor-widget-text-editor\" data-id=\"42741a4\" data-element_type=\"widget\" data-settings=\"{&quot;_animation&quot;:&quot;fadeInUp&quot;}\" data-widget_type=\"text-editor.default\">\n\t\t\t\t<div class=\"elementor-widget-container\">\n\t\t\t\t\t\t\t\t\t<p>Pavar\u00ebsisht n\u00ebse po hapni kantierin p\u00ebr nj\u00eb nd\u00ebrtim t\u00eb ri, po zhvendosni makineri t\u00eb r\u00ebnda ose keni nevoj\u00eb p\u00ebr pajisje t\u00eb besueshme n\u00eb vendngjarje,<\/p><p>Sigma \u00ebsht\u00eb gati kur ju jeni gati.<br \/>Le ta b\u00ebjm\u00eb realitet \u2014 me siguri, n\u00eb koh\u00eb dhe brenda buxhetit.<\/p>\t\t\t\t\t\t\t\t<\/div>\n\t\t\t\t<\/div>\n\t\t\t\t<div class=\"elementor-element elementor-element-3420368 elementor-align-left elementor-invisible elementor-widget elementor-widget-button\" data-id=\"3420368\" data-element_type=\"widget\" data-settings=\"{&quot;_animation&quot;:&quot;fadeInUp&quot;}\" data-widget_type=\"button.default\">\n\t\t\t\t<div class=\"elementor-widget-container\">\n\t\t\t\t\t\t\t\t\t<div class=\"elementor-button-wrapper\">\n\t\t\t\t\t<a class=\"elementor-button elementor-button-link elementor-size-sm\" href=\"#\">\n\t\t\t\t\t\t<span class=\"elementor-button-content-wrapper\">\n\t\t\t\t\t\t<span class=\"elementor-button-icon\">\n\t\t\t\t<svg xmlns=\"http:\/\/www.w3.org\/2000\/svg\" width=\"800px\" height=\"800px\" viewbox=\"0 0 24 24\" fill=\"none\"><g id=\"SVGRepo_bgCarrier\" stroke-width=\"0\"><\/g><g id=\"SVGRepo_tracerCarrier\" stroke-linecap=\"round\" stroke-linejoin=\"round\"><\/g><g id=\"SVGRepo_iconCarrier\"><path fill-rule=\"evenodd\" clip-rule=\"evenodd\" d=\"M8.20049 15.799C1.3025 8.90022 2.28338 5.74115 3.01055 4.72316C3.10396 4.55862 5.40647 1.11188 7.87459 3.13407C14.0008 8.17945 6.5 8 11.3894 12.6113C16.2788 17.2226 15.8214 9.99995 20.8659 16.1249C22.8882 18.594 19.4413 20.8964 19.2778 20.9888C18.2598 21.717 15.0995 22.6978 8.20049 15.799Z\" stroke=\"#ffffff\" stroke-width=\"1.5\" stroke-linecap=\"round\" stroke-linejoin=\"round\"><\/path><\/g><\/svg>\t\t\t<\/span>\n\t\t\t\t\t\t\t\t\t<span class=\"elementor-button-text\">Na Thirr<\/span>\n\t\t\t\t\t<\/span>\n\t\t\t\t\t<\/a>\n\t\t\t\t<\/div>\n\t\t\t\t\t\t\t\t<\/div>\n\t\t\t\t<\/div>\n\t\t\t\t<\/div>\n\t\t\t\t\t<\/div>\n\t\t\t\t<\/div>\n\t\t\t\t<\/div>","protected":false},"excerpt":{"rendered":"<p>Heavy Lifting Made Simple Professional Solutions for Every Project See Projects Services Transport Services Expert logistics for non-standard cargo, including route planning and permits. Crane Services Mobile Cranes (10T\u2013250T): Ideal for dynamic sites requiring quick setup and mobility Lifting Platforms For elevated access in construction, maintenance, and logistics. Why choose us ? Engineered for Safety. [&hellip;]<\/p>","protected":false},"author":1,"featured_media":0,"parent":0,"menu_order":0,"comment_status":"closed","ping_status":"closed","template":"","meta":{"site-sidebar-layout":"no-sidebar","site-content-layout":"page-builder","ast-site-content-layout":"default","site-content-style":"default","site-sidebar-style":"default","ast-global-header-display":"","ast-banner-title-visibility":"","ast-main-header-display":"","ast-hfb-above-header-display":"","ast-hfb-below-header-display":"","ast-hfb-mobile-header-display":"","site-post-title":"disabled","ast-breadcrumbs-content":"","ast-featured-img":"disabled","footer-sml-layout":"","theme-transparent-header-meta":"enabled","adv-header-id-meta":"","stick-header-meta":"","header-above-stick-meta":"","header-main-stick-meta":"","header-below-stick-meta":"","astra-migrate-meta-layouts":"default","ast-page-background-enabled":"default","ast-page-background-meta":{"desktop":{"background-color":"var(--ast-global-color-4)","background-image":"","background-repeat":"repeat","background-position":"center center","background-size":"auto","background-attachment":"scroll","background-type":"","background-media":"","overlay-type":"","overlay-color":"","overlay-opacity":"","overlay-gradient":""},"tablet":{"background-color":"","background-image":"","background-repeat":"repeat","background-position":"center center","background-size":"auto","background-attachment":"scroll","background-type":"","background-media":"","overlay-type":"","overlay-color":"","overlay-opacity":"","overlay-gradient":""},"mobile":{"background-color":"","background-image":"","background-repeat":"repeat","background-position":"center center","background-size":"auto","background-attachment":"scroll","background-type":"","background-media":"","overlay-type":"","overlay-color":"","overlay-opacity":"","overlay-gradient":""}},"ast-content-background-meta":{"desktop":{"background-color":"var(--ast-global-color-5)","background-image":"","background-repeat":"repeat","background-position":"center center","background-size":"auto","background-attachment":"scroll","background-type":"","background-media":"","overlay-type":"","overlay-color":"","overlay-opacity":"","overlay-gradient":""},"tablet":{"background-color":"var(--ast-global-color-5)","background-image":"","background-repeat":"repeat","background-position":"center center","background-size":"auto","background-attachment":"scroll","background-type":"","background-media":"","overlay-type":"","overlay-color":"","overlay-opacity":"","overlay-gradient":""},"mobile":{"background-color":"var(--ast-global-color-5)","background-image":"","background-repeat":"repeat","background-position":"center center","background-size":"auto","background-attachment":"scroll","background-type":"","background-media":"","overlay-type":"","overlay-color":"","overlay-opacity":"","overlay-gradient":""}},"footnotes":""},"class_list":["post-1317","page","type-page","status-publish","hentry"],"_links":{"self":[{"href":"https:\/\/sigmacrane.com\/sq\/wp-json\/wp\/v2\/pages\/1317","targetHints":{"allow":["GET"]}}],"collection":[{"href":"https:\/\/sigmacrane.com\/sq\/wp-json\/wp\/v2\/pages"}],"about":[{"href":"https:\/\/sigmacrane.com\/sq\/wp-json\/wp\/v2\/types\/page"}],"author":[{"embeddable":true,"href":"https:\/\/sigmacrane.com\/sq\/wp-json\/wp\/v2\/users\/1"}],"replies":[{"embeddable":true,"href":"https:\/\/sigmacrane.com\/sq\/wp-json\/wp\/v2\/comments?post=1317"}],"version-history":[{"count":189,"href":"https:\/\/sigmacrane.com\/sq\/wp-json\/wp\/v2\/pages\/1317\/revisions"}],"predecessor-version":[{"id":4885,"href":"https:\/\/sigmacrane.com\/sq\/wp-json\/wp\/v2\/pages\/1317\/revisions\/4885"}],"wp:attachment":[{"href":"https:\/\/sigmacrane.com\/sq\/wp-json\/wp\/v2\/media?parent=1317"}],"curies":[{"name":"wp","href":"https:\/\/api.w.org\/{rel}","templated":true}]}}